{"id":183,"date":"2020-06-19T21:27:21","date_gmt":"2020-06-19T21:27:21","guid":{"rendered":"http:\/\/corven.jonsu.urltemporal.com\/es\/?page_id=183"},"modified":"2024-04-10T12:00:00","modified_gmt":"2024-04-10T12:00:00","slug":"discos-y-campanas-de-freno","status":"publish","type":"page","link":"https:\/\/corvenautopartes.corven.com.ar\/index.php\/discos-y-campanas-de-freno\/","title":{"rendered":"Discos y campanas de freno"},"content":{"rendered":"[vc_row fullwidth=\u00bbtrue\u00bb css=\u00bb.vc_custom_1592408274162{margin-top: 0px !important;}\u00bb][vc_column][mk_fullwidth_slideshow padding=\u00bb0&#8243; images=\u00bb312&#8243; stretch_images=\u00bbtrue\u00bb effect=\u00bbslide\u00bb pause_on_hover=\u00bbtrue\u00bb][\/vc_column][\/vc_row][vc_row fullwidth=\u00bbtrue\u00bb fullwidth_content=\u00bbfalse\u00bb css=\u00bb.vc_custom_1592321433395{background-color: #fc4f00 !important;}\u00bb][vc_column width=\u00bb1\/4&#8243;][\/vc_column][vc_column width=\u00bb1\/4&#8243;][mk_image src=\u00bbhttp:\/\/corven.jonsu.urltemporal.com\/es\/wp-content\/uploads\/2020\/06\/accesos-amortiguadores-03.jpg\u00bb image_size=\u00bbfull\u00bb link=\u00bbhttp:\/\/corven.jonsu.urltemporal.com\/es\/index.php\/discos-y-campanas-de-freno-corven\/\u00bb margin_bottom=\u00bb0&#8243; el_class=\u00bbmarca-corven\u00bb][\/vc_column][vc_column width=\u00bb1\/4&#8243;][mk_image src=\u00bbhttp:\/\/corven.jonsu.urltemporal.com\/es\/wp-content\/uploads\/2020\/07\/discosycampanas-cs6-04.jpg\u00bb image_size=\u00bbfull\u00bb link=\u00bbhttp:\/\/corven.jonsu.urltemporal.com\/es\/index.php\/discos-y-campanas-de-freno\/\u00bb margin_bottom=\u00bb0&#8243; el_class=\u00bbmarca-lip\u00bb][\/vc_column][vc_column width=\u00bb1\/4&#8243;][\/vc_column][\/vc_row][vc_row fullwidth=\u00bbtrue\u00bb fullwidth_content=\u00bbfalse\u00bb css=\u00bb.vc_custom_1593711447294{padding-top: 20px !important;padding-bottom: 80px !important;}\u00bb el_class=\u00bbcorner-right\u00bb][vc_column width=\u00bb1\/3&#8243;][mk_image src=\u00bbhttp:\/\/corven.jonsu.urltemporal.com\/es\/wp-content\/uploads\/2020\/07\/discosycampanas-cs6-05.jpg\u00bb image_size=\u00bbfull\u00bb][vc_column_text css=\u00bb.vc_custom_1593714551255{margin-bottom: 0px !important;}\u00bb]Las campanas y discos Hipper Freios son f\u00e1ciles de manipular, no requieren limpieza y preparaci\u00f3n del disco, son m\u00e1s eficientes y permiten una r\u00e1pida aplicaci\u00f3n. Vienen listos para colocar. Los disco Hipper Freios cuentan con alt\u00edsimo nivel de coeficiente de fricci\u00f3n desde la primera frenada, sin necesitar de un tiempo inicial de asentamiento. Reduciendo as\u00ed las posibilidades de ruidos. El sistema r\u00e1pido de Hipper Freios proporciona mucha m\u00e1s protecci\u00f3n a los discos de freno a trav\u00e9s de sus propiedades deshumectantes y desaguantes que forman una pel\u00edcula fina libre de solventes. Los discos son inmersos en un flu\u00eddo anticorrosivo libre de aceite mineral por lo cual no se necesita el uso de productos qu\u00edmicos para remover la capa de protecci\u00f3n oleosa presente en muchos discos de freno, lo cual los hace ecol\u00f3gicamente incorrectos.[\/vc_column_text][\/vc_column][vc_column width=\u00bb1\/3&#8243;][mk_image src=\u00bbhttp:\/\/corven.jonsu.urltemporal.com\/es\/wp-content\/uploads\/2020\/07\/linealiviana-discosycampanas-hipperfreios.jpg\u00bb image_size=\u00bbfull\u00bb][\/vc_column][vc_column width=\u00bb1\/3&#8243;][mk_image src=\u00bbhttp:\/\/corven.jonsu.urltemporal.com\/es\/wp-content\/uploads\/2020\/07\/linealiviana_embragues_corven.png\u00bb image_size=\u00bbfull\u00bb][\/vc_column][\/vc_row][vc_row fullwidth=\u00bbtrue\u00bb fullwidth_content=\u00bbfalse\u00bb equal_columns=\u00bbtrue\u00bb css=\u00bb.vc_custom_1594733824611{padding-top: 20px !important;padding-bottom: 80px !important;}\u00bb el_class=\u00bbcorner-right\u00bb][vc_column width=\u00bb2\/3&#8243;][vc_video link=\u00bbhttps:\/\/www.youtube.com\/watch?v=9GdcqyqjHi8&#8243;][\/vc_column][vc_column width=\u00bb1\/3&#8243; css=\u00bb.vc_custom_1592422874403{padding-top: 20px !important;padding-right: 20px !important;padding-bottom: 20px !important;padding-left: 20px !important;background-color: #d8d8d8 !important;}\u00bb][mk_fancy_title size=\u00bb32&#8243; font_weight=\u00bb300&#8243; txt_transform=\u00bbuppercase\u00bb margin_bottom=\u00bb10&#8243; font_family=\u00bbnone\u00bb]Busc\u00e1s este producto para un veh\u00edculo espec\u00edfico?<br \/>\n<strong>Consult\u00e1 <\/strong><strong>nuestro <\/strong><strong>cat\u00e1logo<\/strong>[\/mk_fancy_title][mk_button dimension=\u00bbflat\u00bb size=\u00bblarge\u00bb url=\u00bbhttps:\/\/corven.jonsu.urltemporal.com\/es\/fichas\/Catalogo hipper freios &#8211; 250620 &#8211; SMALL.pdf\u00bb target=\u00bb_blank\u00bb align=\u00bbcenter\u00bb fullwidth=\u00bbtrue\u00bb margin_bottom=\u00bb10&#8243; margin_right=\u00bb0&#8243; bg_color=\u00bb#fc4f00&#8243; btn_hover_bg=\u00bb#000000&#8243; btn_hover_txt_color=\u00bb#fc4f00&#8243;]Cat\u00e1logo PDF[\/mk_button][mk_button dimension=\u00bbflat\u00bb size=\u00bblarge\u00bb url=\u00bbhttps:\/\/corvenautopartes.corven.com.ar\/catalogo\/index.php\u00bb target=\u00bb_blank\u00bb align=\u00bbcenter\u00bb fullwidth=\u00bbtrue\u00bb margin_bottom=\u00bb10&#8243; margin_right=\u00bb0&#8243; bg_color=\u00bb#fc4f00&#8243; btn_hover_bg=\u00bb#000000&#8243; btn_hover_txt_color=\u00bb#fc4f00&#8243;]Cat\u00e1logo Online[\/mk_button][\/vc_column][\/vc_row][vc_row fullwidth=\u00bbtrue\u00bb fullwidth_content=\u00bbfalse\u00bb css=\u00bb.vc_custom_1592321973496{padding-top: 20px !important;background-color: #000000 !important;}\u00bb][vc_column width=\u00bb1\/2&#8243;][mk_fancy_title color=\u00bb#ffffff\u00bb size=\u00bb32&#8243; font_weight=\u00bb300&#8243; txt_transform=\u00bbuppercase\u00bb margin_top=\u00bb20&#8243; margin_bottom=\u00bb\u00bb font_family=\u00bbnone\u00bb align=\u00bbright\u00bb]Corven en las redes[\/mk_fancy_title][\/vc_column][vc_column width=\u00bb1\/2&#8243;][mk_social_networks size=\u00bbx-large\u00bb style=\u00bbsquare-pointed\u00bb border_color=\u00bb#dd9933&#8243; icon_color=\u00bb#dd9933&#8243; facebook=\u00bbhttps:\/\/www.facebook.com\/Corven.Autopartes\/\u00bb instagram=\u00bbhttps:\/\/www.instagram.com\/corven.autopartes\/\u00bb][\/vc_column][\/vc_row][vc_row fullwidth=\u00bbtrue\u00bb fullwidth_content=\u00bbfalse\u00bb css=\u00bb.vc_custom_1593984405022{padding-top: 40px !important;padding-bottom: 40px !important;background-image: url(http:\/\/corven.jonsu.urltemporal.com\/es\/wp-content\/uploads\/2020\/06\/back-instagram-02.png?id=66) !important;background-position: center !important;background-repeat: no-repeat !important;background-size: cover !important;}\u00bb][vc_column][vc_column_text css=\u00bb.vc_custom_1593985373993{margin-bottom: 0px !important;}\u00bb]\t\t<div id=\"sbi_mod_error\" >\n\t\t\t<span>Este mensaje de error solo es visible para los administradores de WordPress<\/span><br\/>\n\t\t\t<p><strong>Error: No se ha encontrado ning\u00fan feed.<\/strong>\n\t\t\t<p>Por favor, ve a la p\u00e1gina de ajustes de Instagram Feed para crear un feed.<\/p>\n\t\t<\/div>\n\t\t[\/vc_column_text][\/vc_column][\/vc_row][vc_row fullwidth=\u00bbtrue\u00bb fullwidth_content=\u00bbfalse\u00bb css=\u00bb.vc_custom_1592321459426{background-color: #fc4f00 !important;}\u00bb][vc_column][mk_fancy_title color=\u00bb#ffffff\u00bb size=\u00bb32&#8243; font_weight=\u00bb300&#8243; txt_transform=\u00bbuppercase\u00bb margin_top=\u00bb20&#8243; margin_bottom=\u00bb\u00bb font_family=\u00bbnone\u00bb align=\u00bbcenter\u00bb]Comunicate con nosotros[\/mk_fancy_title][\/vc_column][\/vc_row][vc_row fullwidth=\u00bbtrue\u00bb fullwidth_content=\u00bbfalse\u00bb equal_columns=\u00bbtrue\u00bb css=\u00bb.vc_custom_1593711767913{background-image: url(http:\/\/corven.jonsu.urltemporal.com\/es\/wp-content\/uploads\/2020\/06\/empresa-back-06.jpg?id=167) !important;background-position: center !important;background-repeat: no-repeat !important;background-size: cover !important;}\u00bb][vc_column width=\u00bb1\/3&#8243; css=\u00bb.vc_custom_1593711813364{padding-top: 40px !important;padding-right: 40px !important;padding-bottom: 40px !important;padding-left: 40px !important;background-color: rgba(255,255,255,0.8) !important;*background-color: rgb(255,255,255) !important;}\u00bb][mk_fancy_title color=\u00bb#000000&#8243; size=\u00bb24&#8243; font_weight=\u00bb300&#8243; txt_transform=\u00bbuppercase\u00bb margin_top=\u00bb40&#8243; margin_bottom=\u00bb\u00bb font_family=\u00bbnone\u00bb]Ante cualquier consulta complete el siguiente formulario para asesorarle y comunicarnos a la brevedad.[\/mk_fancy_title][mk_fancy_title color=\u00bb#dd9933&#8243; size=\u00bb24&#8243; font_weight=\u00bb300&#8243; txt_transform=\u00bbuppercase\u00bb margin_top=\u00bb20&#8243; margin_bottom=\u00bb\u00bb font_family=\u00bbnone\u00bb]Muchas gracias[\/mk_fancy_title][\/vc_column][vc_column width=\u00bb2\/3&#8243;][mk_padding_divider][mk_contact_form button_text=\u00bbEnviar\u00bb phone=\u00bbtrue\u00bb gdpr_consent=\u00bbfalse\u00bb][mk_padding_divider][\/vc_column][\/vc_row]\n","protected":false},"excerpt":{"rendered":"<p>[vc_row fullwidth=\u00bbtrue\u00bb css=\u00bb.vc_custom_1592408274162{margin-top: 0px !important;}\u00bb][vc_column][mk_fullwidth_slideshow padding=\u00bb0&#8243; images=\u00bb312&#8243; stretch_images=\u00bbtrue\u00bb effect=\u00bbslide\u00bb pause_on_hover=\u00bbtrue\u00bb][\/vc_column][\/vc_row][vc_row fullwidth=\u00bbtrue\u00bb fullwidth_content=\u00bbfalse\u00bb css=\u00bb.vc_custom_1592321433395{background-color: #fc4f00 !important;}\u00bb][vc_column width=\u00bb1\/4&#8243;][\/vc_column][vc_column width=\u00bb1\/4&#8243;][mk_image src=\u00bbhttp:\/\/corven.jonsu.urltemporal.com\/es\/wp-content\/uploads\/2020\/06\/accesos-amortiguadores-03.jpg\u00bb image_size=\u00bbfull\u00bb link=\u00bbhttp:\/\/corven.jonsu.urltemporal.com\/es\/index.php\/discos-y-campanas-de-freno-corven\/\u00bb margin_bottom=\u00bb0&#8243; el_class=\u00bbmarca-corven\u00bb][\/vc_column][vc_column width=\u00bb1\/4&#8243;][mk_image src=\u00bbhttp:\/\/corven.jonsu.urltemporal.com\/es\/wp-content\/uploads\/2020\/07\/discosycampanas-cs6-04.jpg\u00bb image_size=\u00bbfull\u00bb link=\u00bbhttp:\/\/corven.jonsu.urltemporal.com\/es\/index.php\/discos-y-campanas-de-freno\/\u00bb margin_bottom=\u00bb0&#8243; el_class=\u00bbmarca-lip\u00bb][\/vc_column][vc_column width=\u00bb1\/4&#8243;][\/vc_column][\/vc_row][vc_row fullwidth=\u00bbtrue\u00bb fullwidth_content=\u00bbfalse\u00bb css=\u00bb.vc_custom_1593711447294{padding-top: 20px !important;padding-bottom: 80px !important;}\u00bb el_class=\u00bbcorner-right\u00bb][vc_column width=\u00bb1\/3&#8243;][mk_image src=\u00bbhttp:\/\/corven.jonsu.urltemporal.com\/es\/wp-content\/uploads\/2020\/07\/discosycampanas-cs6-05.jpg\u00bb image_size=\u00bbfull\u00bb][vc_column_text css=\u00bb.vc_custom_1593714551255{margin-bottom: 0px !important;}\u00bb]Las campanas y discos Hipper Freios son f\u00e1ciles de manipular, no requieren limpieza [&hellip;]<\/p>\n","protected":false},"author":1,"featured_media":0,"parent":0,"menu_order":0,"comment_status":"closed","ping_status":"closed","template":"","meta":{"footnotes":""},"class_list":["post-183","page","type-page","status-publish","hentry"],"_links":{"self":[{"href":"https:\/\/corvenautopartes.corven.com.ar\/index.php\/wp-json\/wp\/v2\/pages\/183","targetHints":{"allow":["GET"]}}],"collection":[{"href":"https:\/\/corvenautopartes.corven.com.ar\/index.php\/wp-json\/wp\/v2\/pages"}],"about":[{"href":"https:\/\/corvenautopartes.corven.com.ar\/index.php\/wp-json\/wp\/v2\/types\/page"}],"author":[{"embeddable":true,"href":"https:\/\/corvenautopartes.corven.com.ar\/index.php\/wp-json\/wp\/v2\/users\/1"}],"replies":[{"embeddable":true,"href":"https:\/\/corvenautopartes.corven.com.ar\/index.php\/wp-json\/wp\/v2\/comments?post=183"}],"version-history":[{"count":19,"href":"https:\/\/corvenautopartes.corven.com.ar\/index.php\/wp-json\/wp\/v2\/pages\/183\/revisions"}],"predecessor-version":[{"id":1425,"href":"https:\/\/corvenautopartes.corven.com.ar\/index.php\/wp-json\/wp\/v2\/pages\/183\/revisions\/1425"}],"wp:attachment":[{"href":"https:\/\/corvenautopartes.corven.com.ar\/index.php\/wp-json\/wp\/v2\/media?parent=183"}],"curies":[{"name":"wp","href":"https:\/\/api.w.org\/{rel}","templated":true}]}}